{"id":25,"date":"2015-08-13T04:56:24","date_gmt":"2015-08-13T04:56:24","guid":{"rendered":"http:\/\/dentall.stylemixthemes.com\/demo\/?page_id=25"},"modified":"2024-04-05T19:14:09","modified_gmt":"2024-04-05T19:14:09","slug":"somos","status":"publish","type":"page","link":"https:\/\/www.radixradiologia.com\/web\/somos\/","title":{"rendered":"SOMOS"},"content":{"rendered":"<p>[vc_row][vc_column][vc_empty_space height=&#8221;100px&#8221;][\/vc_column][\/vc_row][vc_row css=&#8221;.vc_custom_1441005495715{margin-bottom: 80px !important;}&#8221;][vc_column offset=&#8221;vc_col-lg-9 vc_col-md-9&#8243;][vc_column_text]<\/p>\n<h3 class=\"p1\">Por que elegirnos?<\/h3>\n<blockquote>\n<p class=\"p1\"><span class=\"s1\">Desde hace 13 a\u00f1os, trabajamos para lograr la m\u00e1xima calidad en el diagn\u00f3stico por im\u00e1genes del \u00e1rea dento-maxilo facial, con la constante actualizaci\u00f3n de los equipos y de nuestro personal, compuesto por especialistas altamente capacitados. <\/span><\/p>\n<\/blockquote>\n<p>[\/vc_column_text][vc_column_text]<\/p>\n<p class=\"p1\"><span class=\"s1\"><img loading=\"lazy\" decoding=\"async\" class=\"alignnone wp-image-1378 size-full\" src=\"https:\/\/www.radixradiologia.com\/web\/wp-content\/uploads\/2018\/11\/somos.jpg\" alt=\"\" width=\"1000\" height=\"276\" srcset=\"https:\/\/www.radixradiologia.com\/web\/wp-content\/uploads\/2018\/11\/somos.jpg 1000w, https:\/\/www.radixradiologia.com\/web\/wp-content\/uploads\/2018\/11\/somos-300x83.jpg 300w, https:\/\/www.radixradiologia.com\/web\/wp-content\/uploads\/2018\/11\/somos-768x212.jpg 768w\" sizes=\"auto, (max-width: 1000px) 100vw, 1000px\" \/><\/span><\/p>\n<p class=\"p1\"><span class=\"s1\">Nuestros centros est\u00e1n instalado en un modernos edificios en La comuna de Providencia y las condes, Tienen modernas y amplias salas de recepci\u00f3n y espera, adem\u00e1s de dos salas de rayos con red de computaci\u00f3n conectada a las dependencias y oficinas de los radi\u00f3logos.<\/span><\/p>\n<p>Su funcionalidad y organizaci\u00f3n confieren gran dinamismo al proceso por lo que pr\u00e1cticamente los estudios se procesan de manera casi inmediata.<\/p>\n<p>Adem\u00e1s se realizan tomograf\u00edas computadas cone beam a partir de una pieza dentaria hasta todo el macizo cr\u00e1neo facial, mediciones para implantes, fotograf\u00edas cl\u00ednicas digitales, cefalometr\u00eda computada, gu\u00edas quir\u00fargicas radiol\u00f3gicas, modelos estereolitograficos, esc\u00e1ner intraoral.[\/vc_column_text][vc_column_text]<\/p>\n<ul>\n<li>Todas las t\u00e9cnicas Radiogr\u00e1ficas intra y extraorales son realizadas con equipos digitales de \u00faltima generaci\u00f3n e impresoras de pel\u00edculas m\u00e9dicas.<\/li>\n<li>Las salas fueron dise\u00f1adas de acuerdo a las normas de la Comisi\u00f3n Chilena de Energ\u00eda Nuclear y de la Direcci\u00f3n de Saneamiento Ambiental del MINSAL, con timers a distancia y paredes con biombos y puertas plomadas.<\/li>\n<li>Las radiograf\u00edas hechas por acreditados radi\u00f3logos es la s\u00edntesis de nuestro compromiso con la excelencia y el respeto por nuestros colegas y pacientes.<\/li>\n<\/ul>\n<p>[\/vc_column_text][\/vc_column][vc_column width=&#8221;1\/4&#8243; offset=&#8221;vc_hidden-sm vc_hidden-xs&#8221;][stm_contacts_widget style=&#8221;style_2&#8243; address=&#8221;Luis Thayer Ojeda Sur 166,<br \/>\nOficina 405,<br \/>\nProvidencia&#8221; email=&#8221;contacto@radixradiologia.com&#8221; phone=&#8221;+56 2 29462998<br \/>\n+56 2 29463121&#8243; hours=&#8221;Lun-Vier de 10.00 a 19.00 hrs. Horario Continuado<br \/>\nS\u00e1bado de 10.00 a 13.00 hrs.<br \/>\n&#8221; title=&#8221;CASA MATRIZ&#8221;][stm_contacts_widget style=&#8221;style_2&#8243; address=&#8221;Lo Fontecilla 201,<br \/>\nTorre B of.825<br \/>\nLas Condes&#8221; email=&#8221;contacto@radixradiologia.com&#8221; phone=&#8221;+56 2 22453596&#8243; hours=&#8221;Lun-Vier de 10.00 a 19.00 hrs. Horario Continuado<br \/>\nS\u00e1bado de 10.00 a 13.00 hrs.&#8221; title=&#8221;SUCURSAL FONTECILLA&#8221;][stm_contacts_widget style=&#8221;style_2&#8243; address=&#8221;Balmaceda 1429 of 308<br \/>\nCentro de negocios arenas<br \/>\nTalagante&#8221; email=&#8221;contacto@radixradiologia.com&#8221; phone=&#8221;+56 9 6199 0172&#8243; hours=&#8221;Lun-Vier de 9:30 a 14:00 &#8211; 15:00 a 18:30&#8243; title=&#8221;SUCURSAL TALAGANTE&#8221;][\/vc_column][\/vc_row][vc_row full_width=&#8221;stretch_row&#8221; css=&#8221;.vc_custom_1442990745769{margin-bottom: 0px !important;}&#8221; el_class=&#8221;base_background_color&#8221;][vc_column][vc_cta h2=&#8221;&#8221; h4=&#8221;Quieres saber m\u00e1s de nuestras especialidades?&#8221; shape=&#8221;square&#8221; style=&#8221;flat&#8221; color=&#8221;blue&#8221; add_button=&#8221;right&#8221; btn_title=&#8221;Ver M\u00e1s&#8221; btn_style=&#8221;flat&#8221; btn_shape=&#8221;round&#8221; btn_color=&#8221;white&#8221; btn_link=&#8221;url:https%3A%2F%2Fwww.radixradiologia.com%2Fweb%2Fservicios%2F|||&#8221;][\/vc_cta][\/vc_column][\/vc_row]<\/p>\n","protected":false},"excerpt":{"rendered":"<p>[vc_row][vc_column][vc_empty_space height=&#8221;100px&#8221;][\/vc_column][\/vc_row][vc_row css=&#8221;.vc_custom_1441005495715{margin-bottom: 80px !important;}&#8221;][vc_column offset=&#8221;vc_col-lg-9 vc_col-md-9&#8243;][vc_column_text] Por que elegirnos? Desde hace 13 a\u00f1os, trabajamos para lograr la m\u00e1xima calidad en el diagn\u00f3stico por im\u00e1genes del \u00e1rea dento-maxilo facial, con la constante actualizaci\u00f3n de los equipos y de nuestro personal, compuesto por especialistas altamente capacitados. [\/vc_column_text][vc_column_text] Nuestros centros est\u00e1n instalado en un modernos edificios en&#8230;<\/p>\n","protected":false},"author":1,"featured_media":0,"parent":0,"menu_order":0,"comment_status":"closed","ping_status":"closed","template":"","meta":{"footnotes":""},"class_list":["post-25","page","type-page","status-publish","hentry"],"_links":{"self":[{"href":"https:\/\/www.radixradiologia.com\/web\/wp-json\/wp\/v2\/pages\/25","targetHints":{"allow":["GET"]}}],"collection":[{"href":"https:\/\/www.radixradiologia.com\/web\/wp-json\/wp\/v2\/pages"}],"about":[{"href":"https:\/\/www.radixradiologia.com\/web\/wp-json\/wp\/v2\/types\/page"}],"author":[{"embeddable":true,"href":"https:\/\/www.radixradiologia.com\/web\/wp-json\/wp\/v2\/users\/1"}],"replies":[{"embeddable":true,"href":"https:\/\/www.radixradiologia.com\/web\/wp-json\/wp\/v2\/comments?post=25"}],"version-history":[{"count":22,"href":"https:\/\/www.radixradiologia.com\/web\/wp-json\/wp\/v2\/pages\/25\/revisions"}],"predecessor-version":[{"id":1535,"href":"https:\/\/www.radixradiologia.com\/web\/wp-json\/wp\/v2\/pages\/25\/revisions\/1535"}],"wp:attachment":[{"href":"https:\/\/www.radixradiologia.com\/web\/wp-json\/wp\/v2\/media?parent=25"}],"curies":[{"name":"wp","href":"https:\/\/api.w.org\/{rel}","templated":true}]}}