{"id":835,"date":"2015-09-14T15:56:43","date_gmt":"2015-09-14T10:56:43","guid":{"rendered":"http:\/\/dentall.stylemixthemes.com\/demo\/?page_id=835"},"modified":"2024-04-05T19:07:06","modified_gmt":"2024-04-05T19:07:06","slug":"tecnologias","status":"publish","type":"page","link":"https:\/\/www.radixradiologia.com\/web\/tecnologias\/","title":{"rendered":"TECNOLOG\u00cdAS"},"content":{"rendered":"<p>[vc_row][vc_column offset=&#8221;vc_col-lg-9 vc_col-md-9&#8243;][vc_custom_heading text=&#8221;Nuestra Tecnolog\u00eda en sucursales&#8221; font_container=&#8221;tag:h3|text_align:left|color:%234c4c4c&#8221; use_theme_fonts=&#8221;yes&#8221; css=&#8221;.vc_custom_1712344024946{margin-bottom: 30px !important;}&#8221;][vc_column_text]Es com\u00fan que se piense hoy en d\u00eda, que estos equipos tan sofisticados \u201ctoman solas las radiograf\u00edas\u201d Esta creencia no s\u00f3lo es err\u00f3nea sino que por el contrario, la nueva tecnolog\u00eda exige capacidad, experiencia y mantener los conocimientos a d\u00eda.[\/vc_column_text][stm_image_carousel mode=&#8221;horizontal&#8221; images_to_show=&#8221;3&#8243; images_to_show_tablet=&#8221;4&#8243; images_to_show_mobile=&#8221;3&#8243; images=&#8221;1410,1411,1412,1413,1414&#8243; img_size=&#8221;200&#215;200&#8243;][vc_empty_space height=&#8221;20px&#8221;][vc_custom_heading text=&#8221;Software Ondemand 3d&#8221; font_container=&#8221;tag:h4|text_align:left|color:%234c4c4c&#8221; use_theme_fonts=&#8221;yes&#8221; css=&#8221;.vc_custom_1542656745525{margin-bottom: 30px !important;}&#8221;][vc_column_text]<img loading=\"lazy\" decoding=\"async\" class=\"wp-image-1418 size-medium alignleft\" src=\"https:\/\/www.radixradiologia.com\/web\/wp-content\/uploads\/2018\/11\/ondemand-300x154.png\" alt=\"\" width=\"300\" height=\"154\" srcset=\"https:\/\/www.radixradiologia.com\/web\/wp-content\/uploads\/2018\/11\/ondemand-300x154.png 300w, https:\/\/www.radixradiologia.com\/web\/wp-content\/uploads\/2018\/11\/ondemand.png 589w\" sizes=\"auto, (max-width: 300px) 100vw, 300px\" \/>Es un software de radiolog\u00eda para el mundo dental.<\/p>\n<p>Es el software m\u00e1s completo del mercado que permite procesar todas las im\u00e1genes dicom para maximizar el resultado y diagn\u00f3stico de sus pacientes[\/vc_column_text][vc_empty_space height=&#8221;20px&#8221;][vc_custom_heading text=&#8221;Estereolitograf\u00eda&#8221; font_container=&#8221;tag:h4|text_align:left|color:%234c4c4c&#8221; use_theme_fonts=&#8221;yes&#8221; css=&#8221;.vc_custom_1542657257294{margin-bottom: 30px !important;}&#8221;][vc_column_text]Reproducci\u00f3n f\u00edsica de un archivo electr\u00f3nico en un modelo f\u00edsico, a trav\u00e9s de distintos materiales y tecnolog\u00eda.<\/p>\n<p><strong>Tecnolog\u00eda SLA &#8211; SLS<\/strong><\/p>\n<p>Puntos.<\/p>\n<ul>\n<li>Planificaci\u00f3n de cirug\u00eda<\/li>\n<li>Simulaci\u00f3n de dispositivos met\u00e1licos.<\/li>\n<li>Educaci\u00f3n a pacientes<\/li>\n<\/ul>\n<h5>Beneficios:<\/h5>\n<p>Pueden ser usados en el periodo preoperatorio para mejorar la predictibilidad del tratamiento de defectos maxilofaciales traum\u00e1ticos o patol\u00f3gicos.[\/vc_column_text][vc_empty_space height=&#8221;20px&#8221;][\/vc_column][vc_column width=&#8221;1\/4&#8243; offset=&#8221;vc_hidden-sm vc_hidden-xs&#8221;][stm_contacts_widget style=&#8221;style_2&#8243; address=&#8221;Luis Thayer Ojeda Sur 166,<br \/>\nOficina 405,<br \/>\nProvidencia&#8221; email=&#8221;contacto@radixradiologia.com&#8221; phone=&#8221;+56 2 29462998<br \/>\n+56 2 29463121&#8243; hours=&#8221;Lun-Vier de 10.00 a 19.00 hrs. Horario Continuado<br \/>\nS\u00e1bado de 10.00 a 13.00 hrs.<br \/>\n&#8221; title=&#8221;CASA MATRIZ&#8221;][stm_contacts_widget style=&#8221;style_2&#8243; address=&#8221;Lo Fontecilla 201,<br \/>\nTorre B of.825<br \/>\nLas Condes&#8221; email=&#8221;contacto@radixradiologia.com&#8221; phone=&#8221;+56 2 22453596&#8243; hours=&#8221;Lun-Vier de 10.00 a 19.00 hrs. Horario Continuado<br \/>\nS\u00e1bado de 10.00 a 13.00 hrs.&#8221; title=&#8221;SUCURSAL FONTECILLA&#8221;][stm_contacts_widget style=&#8221;style_2&#8243; address=&#8221;Balmaceda 1429 of 308<br \/>\nCentro de negocios arenas<br \/>\nTalagante&#8221; email=&#8221;contacto@radixradiologia.com&#8221; phone=&#8221;+56 9 6199 0172&#8243; hours=&#8221;Lun-Vier de 9:30 a 14:00 &#8211; 15:00 a 18:30&#8243; title=&#8221;SUCURSAL TALAGANTE&#8221;][\/vc_column][\/vc_row][vc_row][vc_column][vc_empty_space height=&#8221;100px&#8221;][\/vc_column][\/vc_row]<\/p>\n","protected":false},"excerpt":{"rendered":"<p>[vc_row][vc_column offset=&#8221;vc_col-lg-9 vc_col-md-9&#8243;][vc_custom_heading text=&#8221;Nuestra Tecnolog\u00eda en sucursales&#8221; font_container=&#8221;tag:h3|text_align:left|color:%234c4c4c&#8221; use_theme_fonts=&#8221;yes&#8221; css=&#8221;.vc_custom_1712344024946{margin-bottom: 30px !important;}&#8221;][vc_column_text]Es com\u00fan que se piense hoy en d\u00eda, que estos equipos tan sofisticados \u201ctoman solas las radiograf\u00edas\u201d Esta creencia no s\u00f3lo es err\u00f3nea sino que por el contrario, la nueva tecnolog\u00eda exige capacidad, experiencia y mantener los conocimientos a d\u00eda.[\/vc_column_text][stm_image_carousel mode=&#8221;horizontal&#8221; images_to_show=&#8221;3&#8243; images_to_show_tablet=&#8221;4&#8243; images_to_show_mobile=&#8221;3&#8243;&#8230;<\/p>\n","protected":false},"author":1,"featured_media":0,"parent":0,"menu_order":0,"comment_status":"closed","ping_status":"closed","template":"","meta":{"footnotes":""},"class_list":["post-835","page","type-page","status-publish","hentry"],"_links":{"self":[{"href":"https:\/\/www.radixradiologia.com\/web\/wp-json\/wp\/v2\/pages\/835","targetHints":{"allow":["GET"]}}],"collection":[{"href":"https:\/\/www.radixradiologia.com\/web\/wp-json\/wp\/v2\/pages"}],"about":[{"href":"https:\/\/www.radixradiologia.com\/web\/wp-json\/wp\/v2\/types\/page"}],"author":[{"embeddable":true,"href":"https:\/\/www.radixradiologia.com\/web\/wp-json\/wp\/v2\/users\/1"}],"replies":[{"embeddable":true,"href":"https:\/\/www.radixradiologia.com\/web\/wp-json\/wp\/v2\/comments?post=835"}],"version-history":[{"count":16,"href":"https:\/\/www.radixradiologia.com\/web\/wp-json\/wp\/v2\/pages\/835\/revisions"}],"predecessor-version":[{"id":1527,"href":"https:\/\/www.radixradiologia.com\/web\/wp-json\/wp\/v2\/pages\/835\/revisions\/1527"}],"wp:attachment":[{"href":"https:\/\/www.radixradiologia.com\/web\/wp-json\/wp\/v2\/media?parent=835"}],"curies":[{"name":"wp","href":"https:\/\/api.w.org\/{rel}","templated":true}]}}