{"id":881,"date":"2015-09-16T10:38:40","date_gmt":"2015-09-16T05:38:40","guid":{"rendered":"http:\/\/dentall.stylemixthemes.com\/demo\/?page_id=881"},"modified":"2024-04-05T19:08:03","modified_gmt":"2024-04-05T19:08:03","slug":"servicios","status":"publish","type":"page","link":"https:\/\/www.radixradiologia.com\/web\/servicios\/","title":{"rendered":"SERVICIOS"},"content":{"rendered":"<p>[vc_row][vc_column][vc_single_image image=&#8221;1389&#8243; img_size=&#8221;full&#8221; alignment=&#8221;center&#8221;][vc_empty_space height=&#8221;100px&#8221;][\/vc_column][\/vc_row][vc_row][vc_column width=&#8221;1\/3&#8243;][stm_icon_box icon=&#8221;stm-icon-dental-review&#8221; title=&#8221;Radiograf\u00edas<br \/>\nIntraorales&#8221; css=&#8221;.vc_custom_1542650942346{padding-top: 45px !important;padding-right: 40px !important;padding-bottom: 45px !important;padding-left: 40px !important;background-color: #2e364d !important;}&#8221;]<\/p>\n<ul>\n<li>Retroalveolar Periapical Unitaria<\/li>\n<li>Retroalveolar Periapical Total<\/li>\n<li>Retroalveolar Bite \u2013 Wing<\/li>\n<\/ul>\n<p>[\/stm_icon_box][\/vc_column][vc_column width=&#8221;1\/3&#8243;][stm_icon_box icon=&#8221;stm-icon-decay-in-a-tooth&#8221; title=&#8221;Radiograf\u00edas<br \/>\nExtraorales&#8221; css=&#8221;.vc_custom_1712340188586{padding-top: 45px !important;padding-right: 40px !important;padding-bottom: 45px !important;padding-left: 40px !important;background-color: #4890c3 !important;}&#8221;]<\/p>\n<ul>\n<li style=\"list-style-type: none;\">\n<ul>\n<li>Panor\u00e1mica<\/li>\n<li>Telerradiograf\u00edas Laterales<\/li>\n<li>Telerradiograf\u00edas Frontales<\/li>\n<\/ul>\n<\/li>\n<\/ul>\n<p>[\/stm_icon_box][\/vc_column][vc_column width=&#8221;1\/3&#8243;][stm_icon_box icon=&#8221;stm-icon-computer&#8221; title=&#8221;Softwares de manejo de<br \/>\nTomograf\u00eda&#8221; css=&#8221;.vc_custom_1712340109923{padding-top: 45px !important;padding-right: 40px !important;padding-bottom: 45px !important;padding-left: 40px !important;background-color: #4e6575 !important;}&#8221;]<\/p>\n<ul class=\"list_check\">\n<li>EZ 3D plus<\/li>\n<li>Easy Dent<\/li>\n<li>On Demand<\/li>\n<li>In2Guide<\/li>\n<\/ul>\n<p>[\/stm_icon_box][\/vc_column][\/vc_row][vc_row][vc_column][vc_empty_space][\/vc_column][\/vc_row][vc_row][vc_column width=&#8221;1\/3&#8243;][stm_icon_box icon=&#8221;stm-icon-tooth-7&#8243; title=&#8221;Tomograf\u00edas Computadas de Haz C\u00f3nico (Cone Beam) de Alta Resoluci\u00f3n&#8221; css=&#8221;.vc_custom_1542651216275{padding-top: 45px !important;padding-right: 40px !important;padding-bottom: 45px !important;padding-left: 40px !important;background-color: #4e6575 !important;}&#8221;]<\/p>\n<ul class=\"list_check\">\n<li>Tomogrfia Maxilar<\/li>\n<li>Tomografia Mandibular<\/li>\n<li>Tomografia Dentaria<\/li>\n<li>Tomografia Macizofacial<\/li>\n<li>Tomografia Atm<\/li>\n<\/ul>\n<p>[\/stm_icon_box][\/vc_column][vc_column width=&#8221;1\/3&#8243;][stm_icon_box icon=&#8221;stm-icon-fake-tooth&#8221; title=&#8221;Cefalogramas<br \/>\nComputados&#8221; css=&#8221;.vc_custom_1542651714767{padding-top: 45px !important;padding-right: 40px !important;padding-bottom: 45px !important;padding-left: 40px !important;background-color: #2e364d !important;}&#8221;]<\/p>\n<ul class=\"list_check\">\n<li>Ricketts Lateral<\/li>\n<li>Ricketts Frontal<\/li>\n<li>Ricketts Lateral + Frontal<\/li>\n<li>Jarabak<\/li>\n<li>Steiner, Bjork-Jarabak, Harvold<\/li>\n<li>Steiner, Tweed<\/li>\n<li>Shwarz, Steiner<\/li>\n<\/ul>\n<p>[\/stm_icon_box][\/vc_column][vc_column width=&#8221;1\/3&#8243;][stm_icon_box icon=&#8221;fa fa-camera-retro&#8221; title=&#8221;Fotograf\u00edas Cl\u00ednicas<br \/>\nDigitales&#8221; css=&#8221;.vc_custom_1712340116988{padding-top: 45px !important;padding-right: 40px !important;padding-bottom: 45px !important;padding-left: 40px !important;background-color: #4890c3 !important;}&#8221;]<\/p>\n<ul class=\"list_check\">\n<li>Faciales, Frente, Perfil, \u00be Perfil y Sonrisa<\/li>\n<li>Intrabucales, Frente, Perfiles, Arcada Sup. e Inf., Overjet y Overbite<\/li>\n<li>Biomodelo estereolitograf\u00eda<\/li>\n<li>Gu\u00edas Quirurg\u00edcas<\/li>\n<li>Escaneo de modelos (STL)<\/li>\n<\/ul>\n<p>[\/stm_icon_box][\/vc_column][\/vc_row][vc_row][vc_column][vc_empty_space height=&#8221;100px&#8221;][\/vc_column][\/vc_row]<\/p>\n","protected":false},"excerpt":{"rendered":"<p>[vc_row][vc_column][vc_single_image image=&#8221;1389&#8243; img_size=&#8221;full&#8221; alignment=&#8221;center&#8221;][vc_empty_space height=&#8221;100px&#8221;][\/vc_column][\/vc_row][vc_row][vc_column width=&#8221;1\/3&#8243;][stm_icon_box icon=&#8221;stm-icon-dental-review&#8221; title=&#8221;Radiograf\u00edas Intraorales&#8221; css=&#8221;.vc_custom_1542650942346{padding-top: 45px !important;padding-right: 40px !important;padding-bottom: 45px !important;padding-left: 40px !important;background-color: #2e364d !important;}&#8221;] Retroalveolar Periapical Unitaria Retroalveolar Periapical Total Retroalveolar Bite \u2013 Wing [\/stm_icon_box][\/vc_column][vc_column width=&#8221;1\/3&#8243;][stm_icon_box icon=&#8221;stm-icon-decay-in-a-tooth&#8221; title=&#8221;Radiograf\u00edas Extraorales&#8221; css=&#8221;.vc_custom_1712340188586{padding-top: 45px !important;padding-right: 40px !important;padding-bottom: 45px !important;padding-left: 40px !important;background-color: #4890c3 !important;}&#8221;] Panor\u00e1mica Telerradiograf\u00edas Laterales Telerradiograf\u00edas Frontales [\/stm_icon_box][\/vc_column][vc_column width=&#8221;1\/3&#8243;][stm_icon_box icon=&#8221;stm-icon-computer&#8221; title=&#8221;Softwares&#8230;<\/p>\n","protected":false},"author":1,"featured_media":0,"parent":0,"menu_order":0,"comment_status":"closed","ping_status":"closed","template":"","meta":{"footnotes":""},"class_list":["post-881","page","type-page","status-publish","hentry"],"_links":{"self":[{"href":"https:\/\/www.radixradiologia.com\/web\/wp-json\/wp\/v2\/pages\/881","targetHints":{"allow":["GET"]}}],"collection":[{"href":"https:\/\/www.radixradiologia.com\/web\/wp-json\/wp\/v2\/pages"}],"about":[{"href":"https:\/\/www.radixradiologia.com\/web\/wp-json\/wp\/v2\/types\/page"}],"author":[{"embeddable":true,"href":"https:\/\/www.radixradiologia.com\/web\/wp-json\/wp\/v2\/users\/1"}],"replies":[{"embeddable":true,"href":"https:\/\/www.radixradiologia.com\/web\/wp-json\/wp\/v2\/comments?post=881"}],"version-history":[{"count":34,"href":"https:\/\/www.radixradiologia.com\/web\/wp-json\/wp\/v2\/pages\/881\/revisions"}],"predecessor-version":[{"id":1528,"href":"https:\/\/www.radixradiologia.com\/web\/wp-json\/wp\/v2\/pages\/881\/revisions\/1528"}],"wp:attachment":[{"href":"https:\/\/www.radixradiologia.com\/web\/wp-json\/wp\/v2\/media?parent=881"}],"curies":[{"name":"wp","href":"https:\/\/api.w.org\/{rel}","templated":true}]}}